{"id":2,"date":"2007-10-11T04:56:33","date_gmt":"2007-10-11T02:56:33","guid":{"rendered":"http:\/\/oliveiro.es\/portal\/blog\/?page_id=2"},"modified":"2024-02-04T12:32:33","modified_gmt":"2024-02-04T11:32:33","slug":"acerca-de","status":"publish","type":"page","link":"https:\/\/oliveiro.es\/portal\/blog\/acerca-de\/","title":{"rendered":"Acerca de"},"content":{"rendered":"<div class=\"wp-block-image\">\n<figure class=\"alignright size-large\"><img decoding=\"async\" src=\"https:\/\/oliveiro.es\/portal\/blog\/wp-content\/uploads\/2019\/01\/oliveiro-.jpg\" alt=\"\"\/><\/figure>\n<\/div>\n\n\n<p>Este es el blog del <strong>ilustrador ficticio<\/strong>, Oliveiro Dumas. Roel Sloperz\u00eb descubri\u00f3 que en la ingr\u00e1vida superficie del planeta gemelo <strong>\u00abLo Mondo de Oliveiro\u00bb<\/strong>, no existe ninguna forma de vida conocida por el hombre. Sin embargo, s\u00ed que hall\u00f3 un mont\u00f3n de ilustraciones firmadas por un tal <strong>Oliveiro Dumas<\/strong>.<\/p>\n\n\n\n<p>Roel hace uso bajo el pseud\u00f3nimo Oliveiro Dumas de dichas ilustraciones, atentando contra la Ley de Propiedad Intelectual. Es, al fin y al cabo, un fuera de la ley.<\/p>\n\n\n\n<p>Sin embargo, es todo un placer disfrutar de dichos trabajos en los que hay de todo, desde basurillas y detritus hasta fascinantes montajes absurdos&#8230; Y \u00bfqui\u00e9n es ese tal Oliveiro Dumas? Es todo un misterio.<\/p>\n\n\n\n<h2 class=\"wp-block-heading\"><a href=\"http:\/\/es.wikipedia.org\/wiki\/Oliveiro_Dumas\">M\u00e1s informaci\u00f3n<\/a><\/h2>\n\n\n\n<p>Informaci\u00f3n sobre el autor en <a href=\"http:\/\/es.wikipedia.org\/wiki\/Oliveiro_Dumas\">wikipedia<\/a><\/p>\n\n\n\n<p>Para conocer la pol\u00edtica de privacidad, <a href=\"https:\/\/oliveiro.es\/portal\/blog\/politica-de-privacidad\/\">aqu\u00ed<\/a><\/p>\n","protected":false},"excerpt":{"rendered":"<p>Este es el blog del ilustrador ficticio, Oliveiro Dumas. Roel Sloperz\u00eb descubri\u00f3 que en la ingr\u00e1vida superficie del planeta gemelo \u00abLo Mondo de Oliveiro\u00bb, no existe ninguna forma de vida conocida por el hombre. Sin embargo, s\u00ed que hall\u00f3 un mont\u00f3n de ilustraciones firmadas por un tal Oliveiro Dumas. Roel &#8230;<\/p>\n","protected":false},"author":2,"featured_media":0,"parent":0,"menu_order":0,"comment_status":"closed","ping_status":"closed","template":"","meta":{"footnotes":""},"class_list":["post-2","page","type-page","status-publish","hentry","column","threecol"],"_links":{"self":[{"href":"https:\/\/oliveiro.es\/portal\/blog\/wp-json\/wp\/v2\/pages\/2","targetHints":{"allow":["GET"]}}],"collection":[{"href":"https:\/\/oliveiro.es\/portal\/blog\/wp-json\/wp\/v2\/pages"}],"about":[{"href":"https:\/\/oliveiro.es\/portal\/blog\/wp-json\/wp\/v2\/types\/page"}],"author":[{"embeddable":true,"href":"https:\/\/oliveiro.es\/portal\/blog\/wp-json\/wp\/v2\/users\/2"}],"replies":[{"embeddable":true,"href":"https:\/\/oliveiro.es\/portal\/blog\/wp-json\/wp\/v2\/comments?post=2"}],"version-history":[{"count":0,"href":"https:\/\/oliveiro.es\/portal\/blog\/wp-json\/wp\/v2\/pages\/2\/revisions"}],"wp:attachment":[{"href":"https:\/\/oliveiro.es\/portal\/blog\/wp-json\/wp\/v2\/media?parent=2"}],"curies":[{"name":"wp","href":"https:\/\/api.w.org\/{rel}","templated":true}]}}